{"id":2223,"date":"2026-03-30T10:13:29","date_gmt":"2026-03-30T07:13:29","guid":{"rendered":"https:\/\/www.ballerinianimation.com\/?page_id=2223"},"modified":"2026-03-30T11:14:48","modified_gmt":"2026-03-30T08:14:48","slug":"showlar","status":"publish","type":"page","link":"https:\/\/www.ballerinianimation.com\/index.php\/showlar\/","title":{"rendered":"Showlar"},"content":{"rendered":"\t\t<div data-elementor-type=\"wp-page\" data-elementor-id=\"2223\" class=\"elementor elementor-2223\">\n\t\t\t\t<div class=\"elementor-element elementor-element-753f422 e-con-full e-flex e-con e-parent\" data-id=\"753f422\" data-element_type=\"container\">\n\t\t\t\t<div class=\"elementor-element elementor-element-418780d elementor-widget elementor-widget-turner_hero_title\" data-id=\"418780d\" data-element_type=\"widget\" data-widget_type=\"turner_hero_title.default\">\n\t\t\t\t<div class=\"elementor-widget-container\">\n\t\t\t\t\t    \t        \r\n        <div class=\"section-heading section-heading--2 turner-sec-title\">\r\n\t\t            <div class=\"sec-title__tagline heading-subtitle wow fadeInRight\">T\u00dcM SHOWLAR<\/div>\r\n                        \t\t\t        <\/div>\r\n\r\n\t\t\t\t\t\t<\/div>\n\t\t\t\t<\/div>\n\t\t\t\t<\/div>\n\t\t<div class=\"elementor-element elementor-element-bc2c926 e-con-full e-flex e-con e-parent\" data-id=\"bc2c926\" data-element_type=\"container\">\n\t\t<div class=\"elementor-element elementor-element-34f4115 e-con-full e-flex e-con e-child\" data-id=\"34f4115\" data-element_type=\"container\">\n\t\t\t\t<div class=\"elementor-element elementor-element-d947953 elementor-widget elementor-widget-turner_team_item\" data-id=\"d947953\" data-element_type=\"widget\" data-widget_type=\"turner_team_item.default\">\n\t\t\t\t<div class=\"elementor-widget-container\">\n\t\t\t\t\t\r\n        <div class=\"tur-team-item\">\r\n            <div class=\"team-img text-center\">\r\n                <img decoding=\"async\" src=\"https:\/\/www.ballerinianimation.com\/wp-content\/uploads\/2026\/02\/PrimeAllStars.jpg\" alt=\"\">\r\n            <\/div>\r\n            <div class=\"team-text position-relative\">\r\n                <h3><a href=\"https:\/\/www.youtube.com\/watch?v=zpyevdT7Qss\">PRIME ALL STARS<\/a><\/h3>\r\n                <span>PRIME ALL STARS<\/span>\r\n                <a class=\"team-arrow d-flex align-items-center justify-content-center position-absolute\" href=\"https:\/\/www.youtube.com\/watch?v=zpyevdT7Qss\"><i class=\"far fa-chevron-double-right\"><\/i><\/a>\r\n            <\/div>\r\n        <\/div>\r\n\r\n    \t\t\t\t<\/div>\n\t\t\t\t<\/div>\n\t\t\t\t<div class=\"elementor-element elementor-element-17e403a elementor-widget elementor-widget-turner_team_item\" data-id=\"17e403a\" data-element_type=\"widget\" data-widget_type=\"turner_team_item.default\">\n\t\t\t\t<div class=\"elementor-widget-container\">\n\t\t\t\t\t\r\n        <div class=\"tur-team-item\">\r\n            <div class=\"team-img text-center\">\r\n                <img decoding=\"async\" src=\"https:\/\/www.ballerinianimation.com\/wp-content\/uploads\/2026\/02\/wednesday.jpg\" alt=\"\">\r\n            <\/div>\r\n            <div class=\"team-text position-relative\">\r\n                <h3><a href=\"https:\/\/www.youtube.com\/watch?v=NY_affN8YYY\">WEDNESDAY<\/a><\/h3>\r\n                <span>WEDNESDAY<\/span>\r\n                <a class=\"team-arrow d-flex align-items-center justify-content-center position-absolute\" href=\"https:\/\/www.youtube.com\/watch?v=NY_affN8YYY\"><i class=\"far fa-chevron-double-right\"><\/i><\/a>\r\n            <\/div>\r\n        <\/div>\r\n\r\n    \t\t\t\t<\/div>\n\t\t\t\t<\/div>\n\t\t\t\t<div class=\"elementor-element elementor-element-9cd50ce elementor-widget elementor-widget-turner_team_item\" data-id=\"9cd50ce\" data-element_type=\"widget\" data-widget_type=\"turner_team_item.default\">\n\t\t\t\t<div class=\"elementor-widget-container\">\n\t\t\t\t\t\r\n        <div class=\"tur-team-item\">\r\n            <div class=\"team-img text-center\">\r\n                <img decoding=\"async\" src=\"https:\/\/www.ballerinianimation.com\/wp-content\/uploads\/2026\/02\/lahoraloca.png\" alt=\"\">\r\n            <\/div>\r\n            <div class=\"team-text position-relative\">\r\n                <h3><a href=\"https:\/\/youtu.be\/Hv_OS9Y8TP4\">LA HORA LOCA PARTY<\/a><\/h3>\r\n                <span>LA HORA LOCA PARTY<\/span>\r\n                <a class=\"team-arrow d-flex align-items-center justify-content-center position-absolute\" href=\"https:\/\/youtu.be\/Hv_OS9Y8TP4\"><i class=\"far fa-chevron-double-right\"><\/i><\/a>\r\n            <\/div>\r\n        <\/div>\r\n\r\n    \t\t\t\t<\/div>\n\t\t\t\t<\/div>\n\t\t\t\t<div class=\"elementor-element elementor-element-76c15ec elementor-widget elementor-widget-turner_team_item\" data-id=\"76c15ec\" data-element_type=\"widget\" data-widget_type=\"turner_team_item.default\">\n\t\t\t\t<div class=\"elementor-widget-container\">\n\t\t\t\t\t\r\n        <div class=\"tur-team-item\">\r\n            <div class=\"team-img text-center\">\r\n                <img decoding=\"async\" src=\"https:\/\/www.ballerinianimation.com\/wp-content\/uploads\/2026\/02\/elvisthelegend.png\" alt=\"\">\r\n            <\/div>\r\n            <div class=\"team-text position-relative\">\r\n                <h3><a href=\"https:\/\/www.youtube.com\/watch?v=5OY7ifItQnM\">ELVIS THE LEGEND<\/a><\/h3>\r\n                <span>ELVIS THE LEGEND<\/span>\r\n                <a class=\"team-arrow d-flex align-items-center justify-content-center position-absolute\" href=\"https:\/\/www.youtube.com\/watch?v=5OY7ifItQnM\"><i class=\"far fa-chevron-double-right\"><\/i><\/a>\r\n            <\/div>\r\n        <\/div>\r\n\r\n    \t\t\t\t<\/div>\n\t\t\t\t<\/div>\n\t\t\t\t<div class=\"elementor-element elementor-element-4e8d7b8 elementor-widget elementor-widget-turner_team_item\" data-id=\"4e8d7b8\" data-element_type=\"widget\" data-widget_type=\"turner_team_item.default\">\n\t\t\t\t<div class=\"elementor-widget-container\">\n\t\t\t\t\t\r\n        <div class=\"tur-team-item\">\r\n            <div class=\"team-img text-center\">\r\n                <img decoding=\"async\" src=\"https:\/\/www.ballerinianimation.com\/wp-content\/uploads\/2026\/02\/lahoraloca.png\" alt=\"\">\r\n            <\/div>\r\n            <div class=\"team-text position-relative\">\r\n                <h3><a href=\"https:\/\/www.youtube.com\/watch?v=ntukNfeS0zE\">HAVANA<\/a><\/h3>\r\n                <span>HAVANA<\/span>\r\n                <a class=\"team-arrow d-flex align-items-center justify-content-center position-absolute\" href=\"https:\/\/www.youtube.com\/watch?v=ntukNfeS0zE\"><i class=\"far fa-chevron-double-right\"><\/i><\/a>\r\n            <\/div>\r\n        <\/div>\r\n\r\n    \t\t\t\t<\/div>\n\t\t\t\t<\/div>\n\t\t\t\t<\/div>\n\t\t<div class=\"elementor-element elementor-element-2b40fde e-con-full e-flex e-con e-child\" data-id=\"2b40fde\" data-element_type=\"container\">\n\t\t\t\t<div class=\"elementor-element elementor-element-bfcd04b elementor-widget elementor-widget-turner_team_item\" data-id=\"bfcd04b\" data-element_type=\"widget\" data-widget_type=\"turner_team_item.default\">\n\t\t\t\t<div class=\"elementor-widget-container\">\n\t\t\t\t\t\r\n        <div class=\"tur-team-item\">\r\n            <div class=\"team-img text-center\">\r\n                <img decoding=\"async\" src=\"https:\/\/www.ballerinianimation.com\/wp-content\/uploads\/2026\/02\/DreamofBrasil.jpg\" alt=\"\">\r\n            <\/div>\r\n            <div class=\"team-text position-relative\">\r\n                <h3><a href=\"https:\/\/www.youtube.com\/watch?v=GlPpFbNrtz0\">DREAM OF BRASIL<\/a><\/h3>\r\n                <span>DREAM OF BRASIL<\/span>\r\n                <a class=\"team-arrow d-flex align-items-center justify-content-center position-absolute\" href=\"https:\/\/www.youtube.com\/watch?v=GlPpFbNrtz0\"><i class=\"far fa-chevron-double-right\"><\/i><\/a>\r\n            <\/div>\r\n        <\/div>\r\n\r\n    \t\t\t\t<\/div>\n\t\t\t\t<\/div>\n\t\t\t\t<div class=\"elementor-element elementor-element-4ee4bef elementor-widget elementor-widget-turner_team_item\" data-id=\"4ee4bef\" data-element_type=\"widget\" data-widget_type=\"turner_team_item.default\">\n\t\t\t\t<div class=\"elementor-widget-container\">\n\t\t\t\t\t\r\n        <div class=\"tur-team-item\">\r\n            <div class=\"team-img text-center\">\r\n                <img decoding=\"async\" src=\"https:\/\/www.ballerinianimation.com\/wp-content\/uploads\/2026\/02\/Primee.jpg\" alt=\"\">\r\n            <\/div>\r\n            <div class=\"team-text position-relative\">\r\n                <h3><a href=\"https:\/\/www.youtube.com\/watch?v=zpyevdT7Qss\">PRIME<\/a><\/h3>\r\n                <span>PRIME<\/span>\r\n                <a class=\"team-arrow d-flex align-items-center justify-content-center position-absolute\" href=\"https:\/\/www.youtube.com\/watch?v=zpyevdT7Qss\"><i class=\"far fa-chevron-double-right\"><\/i><\/a>\r\n            <\/div>\r\n        <\/div>\r\n\r\n    \t\t\t\t<\/div>\n\t\t\t\t<\/div>\n\t\t\t\t<div class=\"elementor-element elementor-element-2d46b98 elementor-widget elementor-widget-turner_team_item\" data-id=\"2d46b98\" data-element_type=\"widget\" data-widget_type=\"turner_team_item.default\">\n\t\t\t\t<div class=\"elementor-widget-container\">\n\t\t\t\t\t\r\n        <div class=\"tur-team-item\">\r\n            <div class=\"team-img text-center\">\r\n                <img decoding=\"async\" src=\"https:\/\/www.ballerinianimation.com\/wp-content\/uploads\/2026\/02\/ALTARAA.png\" alt=\"\">\r\n            <\/div>\r\n            <div class=\"team-text position-relative\">\r\n                <h3><a href=\"https:\/\/www.youtube.com\/watch?v=XCeGzdkXFsg\">ALTARA<\/a><\/h3>\r\n                <span>ALTARA<\/span>\r\n                <a class=\"team-arrow d-flex align-items-center justify-content-center position-absolute\" href=\"https:\/\/www.youtube.com\/watch?v=XCeGzdkXFsg\"><i class=\"far fa-chevron-double-right\"><\/i><\/a>\r\n            <\/div>\r\n        <\/div>\r\n\r\n    \t\t\t\t<\/div>\n\t\t\t\t<\/div>\n\t\t\t\t<div class=\"elementor-element elementor-element-cd8ce29 elementor-widget elementor-widget-turner_team_item\" data-id=\"cd8ce29\" data-element_type=\"widget\" data-widget_type=\"turner_team_item.default\">\n\t\t\t\t<div class=\"elementor-widget-container\">\n\t\t\t\t\t\r\n        <div class=\"tur-team-item\">\r\n            <div class=\"team-img text-center\">\r\n                <img decoding=\"async\" src=\"https:\/\/www.ballerinianimation.com\/wp-content\/uploads\/2026\/02\/CHH1.png\" alt=\"\">\r\n            <\/div>\r\n            <div class=\"team-text position-relative\">\r\n                <h3><a href=\"https:\/\/www.youtube.com\/watch?v=NznWb7iiWZg\">WORTEX EXREME<\/a><\/h3>\r\n                <span>WORTEX EXREME<\/span>\r\n                <a class=\"team-arrow d-flex align-items-center justify-content-center position-absolute\" href=\"https:\/\/www.youtube.com\/watch?v=NznWb7iiWZg\"><i class=\"far fa-chevron-double-right\"><\/i><\/a>\r\n            <\/div>\r\n        <\/div>\r\n\r\n    \t\t\t\t<\/div>\n\t\t\t\t<\/div>\n\t\t\t\t<div class=\"elementor-element elementor-element-2e5c15c elementor-widget elementor-widget-turner_team_item\" data-id=\"2e5c15c\" data-element_type=\"widget\" data-widget_type=\"turner_team_item.default\">\n\t\t\t\t<div class=\"elementor-widget-container\">\n\t\t\t\t\t\r\n        <div class=\"tur-team-item\">\r\n            <div class=\"team-img text-center\">\r\n                <img decoding=\"async\" src=\"https:\/\/www.ballerinianimation.com\/wp-content\/uploads\/2026\/02\/BRASIL.png\" alt=\"\">\r\n            <\/div>\r\n            <div class=\"team-text position-relative\">\r\n                <h3><a href=\"https:\/\/www.youtube.com\/watch?v=GlPpFbNrtz0\">BRASIL DANCE<\/a><\/h3>\r\n                <span>BRASIL DANCE<\/span>\r\n                <a class=\"team-arrow d-flex align-items-center justify-content-center position-absolute\" href=\"https:\/\/www.youtube.com\/watch?v=GlPpFbNrtz0\"><i class=\"far fa-chevron-double-right\"><\/i><\/a>\r\n            <\/div>\r\n        <\/div>\r\n\r\n    \t\t\t\t<\/div>\n\t\t\t\t<\/div>\n\t\t\t\t<\/div>\n\t\t<div class=\"elementor-element elementor-element-eadc9a2 e-con-full e-flex e-con e-child\" data-id=\"eadc9a2\" data-element_type=\"container\">\n\t\t\t\t<div class=\"elementor-element elementor-element-fb4932c elementor-widget elementor-widget-turner_team_item\" data-id=\"fb4932c\" data-element_type=\"widget\" data-widget_type=\"turner_team_item.default\">\n\t\t\t\t<div class=\"elementor-widget-container\">\n\t\t\t\t\t\r\n        <div class=\"tur-team-item\">\r\n            <div class=\"team-img text-center\">\r\n                <img decoding=\"async\" src=\"https:\/\/www.ballerinianimation.com\/wp-content\/uploads\/2026\/02\/FuegoCubano.jpg\" alt=\"\">\r\n            <\/div>\r\n            <div class=\"team-text position-relative\">\r\n                <h3><a href=\"https:\/\/www.youtube.com\/watch?v=ntukNfeS0zE\">FUEGO CUBANO<\/a><\/h3>\r\n                <span>FUEGO CUBANO<\/span>\r\n                <a class=\"team-arrow d-flex align-items-center justify-content-center position-absolute\" href=\"https:\/\/www.youtube.com\/watch?v=ntukNfeS0zE\"><i class=\"far fa-chevron-double-right\"><\/i><\/a>\r\n            <\/div>\r\n        <\/div>\r\n\r\n    \t\t\t\t<\/div>\n\t\t\t\t<\/div>\n\t\t\t\t<div class=\"elementor-element elementor-element-44e946d elementor-widget elementor-widget-turner_team_item\" data-id=\"44e946d\" data-element_type=\"widget\" data-widget_type=\"turner_team_item.default\">\n\t\t\t\t<div class=\"elementor-widget-container\">\n\t\t\t\t\t\r\n        <div class=\"tur-team-item\">\r\n            <div class=\"team-img text-center\">\r\n                <img decoding=\"async\" src=\"https:\/\/www.ballerinianimation.com\/wp-content\/uploads\/2026\/02\/zumruduanka.jpg\" alt=\"\">\r\n            <\/div>\r\n            <div class=\"team-text position-relative\">\r\n                <h3><a href=\"https:\/\/www.youtube.com\/watch?v=tRlgLczbDAo\">Z\u00dcMR\u00dcD\u00dc ANKA<\/a><\/h3>\r\n                <span>Z\u00dcMR\u00dcD\u00dc ANKA<\/span>\r\n                <a class=\"team-arrow d-flex align-items-center justify-content-center position-absolute\" href=\"https:\/\/www.youtube.com\/watch?v=tRlgLczbDAo\"><i class=\"far fa-chevron-double-right\"><\/i><\/a>\r\n            <\/div>\r\n        <\/div>\r\n\r\n    \t\t\t\t<\/div>\n\t\t\t\t<\/div>\n\t\t\t\t<div class=\"elementor-element elementor-element-28b0fc2 elementor-widget elementor-widget-turner_team_item\" data-id=\"28b0fc2\" data-element_type=\"widget\" data-widget_type=\"turner_team_item.default\">\n\t\t\t\t<div class=\"elementor-widget-container\">\n\t\t\t\t\t\r\n        <div class=\"tur-team-item\">\r\n            <div class=\"team-img text-center\">\r\n                <img decoding=\"async\" src=\"https:\/\/www.ballerinianimation.com\/wp-content\/uploads\/2026\/02\/MJ.png\" alt=\"\">\r\n            <\/div>\r\n            <div class=\"team-text position-relative\">\r\n                <h3><a href=\"https:\/\/www.youtube.com\/watch?v=3kr97Yew2Lg\">M.J. LORD OF THE DANCE<\/a><\/h3>\r\n                <span>M.J. LORD OF THE DANCE<\/span>\r\n                <a class=\"team-arrow d-flex align-items-center justify-content-center position-absolute\" href=\"https:\/\/www.youtube.com\/watch?v=3kr97Yew2Lg\"><i class=\"far fa-chevron-double-right\"><\/i><\/a>\r\n            <\/div>\r\n        <\/div>\r\n\r\n    \t\t\t\t<\/div>\n\t\t\t\t<\/div>\n\t\t\t\t<div class=\"elementor-element elementor-element-355c195 elementor-widget elementor-widget-turner_team_item\" data-id=\"355c195\" data-element_type=\"widget\" data-widget_type=\"turner_team_item.default\">\n\t\t\t\t<div class=\"elementor-widget-container\">\n\t\t\t\t\t\r\n        <div class=\"tur-team-item\">\r\n            <div class=\"team-img text-center\">\r\n                <img decoding=\"async\" src=\"https:\/\/www.ballerinianimation.com\/wp-content\/uploads\/2026\/02\/yunacircus.png\" alt=\"\">\r\n            <\/div>\r\n            <div class=\"team-text position-relative\">\r\n                <h3><a href=\"https:\/\/www.youtube.com\/watch?v=1XL35kjj-bQ\">YUNA CIRCUS<\/a><\/h3>\r\n                <span>YUNA CIRCUS<\/span>\r\n                <a class=\"team-arrow d-flex align-items-center justify-content-center position-absolute\" href=\"https:\/\/www.youtube.com\/watch?v=1XL35kjj-bQ\"><i class=\"far fa-chevron-double-right\"><\/i><\/a>\r\n            <\/div>\r\n        <\/div>\r\n\r\n    \t\t\t\t<\/div>\n\t\t\t\t<\/div>\n\t\t\t\t<\/div>\n\t\t<div class=\"elementor-element elementor-element-d709056 e-con-full e-flex e-con e-child\" data-id=\"d709056\" data-element_type=\"container\">\n\t\t\t\t<div class=\"elementor-element elementor-element-12da783 elementor-widget elementor-widget-turner_team_item\" data-id=\"12da783\" data-element_type=\"widget\" data-widget_type=\"turner_team_item.default\">\n\t\t\t\t<div class=\"elementor-widget-container\">\n\t\t\t\t\t\r\n        <div class=\"tur-team-item\">\r\n            <div class=\"team-img text-center\">\r\n                <img decoding=\"async\" src=\"https:\/\/www.ballerinianimation.com\/wp-content\/uploads\/2026\/02\/TheLips.jpg\" alt=\"\">\r\n            <\/div>\r\n            <div class=\"team-text position-relative\">\r\n                <h3><a href=\"https:\/\/www.youtube.com\/watch?v=D-4bjyyBEbM\">TE LIPS<\/a><\/h3>\r\n                <span>TE LIPS<\/span>\r\n                <a class=\"team-arrow d-flex align-items-center justify-content-center position-absolute\" href=\"https:\/\/www.youtube.com\/watch?v=D-4bjyyBEbM\"><i class=\"far fa-chevron-double-right\"><\/i><\/a>\r\n            <\/div>\r\n        <\/div>\r\n\r\n    \t\t\t\t<\/div>\n\t\t\t\t<\/div>\n\t\t\t\t<div class=\"elementor-element elementor-element-268c80c elementor-widget elementor-widget-turner_team_item\" data-id=\"268c80c\" data-element_type=\"widget\" data-widget_type=\"turner_team_item.default\">\n\t\t\t\t<div class=\"elementor-widget-container\">\n\t\t\t\t\t\r\n        <div class=\"tur-team-item\">\r\n            <div class=\"team-img text-center\">\r\n                <img decoding=\"async\" src=\"https:\/\/www.ballerinianimation.com\/wp-content\/uploads\/2026\/02\/CHH1.png\" alt=\"\">\r\n            <\/div>\r\n            <div class=\"team-text position-relative\">\r\n                <h3><a href=\"https:\/\/www.youtube.com\/watch?v=oZGp1LOVJU0\">WORTEX ALL STARS<\/a><\/h3>\r\n                <span>WORTEX ALL STARS<\/span>\r\n                <a class=\"team-arrow d-flex align-items-center justify-content-center position-absolute\" href=\"https:\/\/www.youtube.com\/watch?v=oZGp1LOVJU0\"><i class=\"far fa-chevron-double-right\"><\/i><\/a>\r\n            <\/div>\r\n        <\/div>\r\n\r\n    \t\t\t\t<\/div>\n\t\t\t\t<\/div>\n\t\t\t\t<div class=\"elementor-element elementor-element-97f5135 elementor-widget elementor-widget-turner_team_item\" data-id=\"97f5135\" data-element_type=\"widget\" data-widget_type=\"turner_team_item.default\">\n\t\t\t\t<div class=\"elementor-widget-container\">\n\t\t\t\t\t\r\n        <div class=\"tur-team-item\">\r\n            <div class=\"team-img text-center\">\r\n                <img decoding=\"async\" src=\"https:\/\/www.ballerinianimation.com\/wp-content\/uploads\/2026\/02\/madonna.png\" alt=\"\">\r\n            <\/div>\r\n            <div class=\"team-text position-relative\">\r\n                <h3><a href=\"https:\/\/www.youtube.com\/watch?v=Sf2K9gepURs\">MADONNA<\/a><\/h3>\r\n                <span>MADONNA<\/span>\r\n                <a class=\"team-arrow d-flex align-items-center justify-content-center position-absolute\" href=\"https:\/\/www.youtube.com\/watch?v=Sf2K9gepURs\"><i class=\"far fa-chevron-double-right\"><\/i><\/a>\r\n            <\/div>\r\n        <\/div>\r\n\r\n    \t\t\t\t<\/div>\n\t\t\t\t<\/div>\n\t\t\t\t<div class=\"elementor-element elementor-element-6313809 elementor-widget elementor-widget-turner_team_item\" data-id=\"6313809\" data-element_type=\"widget\" data-widget_type=\"turner_team_item.default\">\n\t\t\t\t<div class=\"elementor-widget-container\">\n\t\t\t\t\t\r\n        <div class=\"tur-team-item\">\r\n            <div class=\"team-img text-center\">\r\n                <img decoding=\"async\" src=\"https:\/\/www.ballerinianimation.com\/wp-content\/uploads\/2026\/02\/acrocuba.png\" alt=\"\">\r\n            <\/div>\r\n            <div class=\"team-text position-relative\">\r\n                <h3><a href=\"https:\/\/www.youtube.com\/watch?v=lwd57C61bZ4\">ACRO CUBA<\/a><\/h3>\r\n                <span>ACRO CUBA<\/span>\r\n                <a class=\"team-arrow d-flex align-items-center justify-content-center position-absolute\" href=\"https:\/\/www.youtube.com\/watch?v=lwd57C61bZ4\"><i class=\"far fa-chevron-double-right\"><\/i><\/a>\r\n            <\/div>\r\n        <\/div>\r\n\r\n    \t\t\t\t<\/div>\n\t\t\t\t<\/div>\n\t\t\t\t<\/div>\n\t\t\t\t<\/div>\n\t\t\t\t<\/div>\n\t\t","protected":false},"excerpt":{"rendered":"<p>T\u00dcM SHOWLAR PRIME ALL STARS PRIME ALL STARS WEDNESDAY WEDNESDAY LA HORA LOCA PARTY LA HORA LOCA PARTY ELVIS THE LEGEND ELVIS THE LEGEND HAVANA HAVANA DREAM OF BRASIL DREAM OF BRASIL PRIME PRIME ALTARA ALTARA WORTEX EXREME WORTEX EXREME BRASIL DANCE BRASIL DANCE FUEGO CUBANO FUEGO CUBANO Z\u00dcMR\u00dcD\u00dc ANKA Z\u00dcMR\u00dcD\u00dc ANKA M.J. LORD OF [&hellip;]<\/p>\n","protected":false},"author":1,"featured_media":0,"parent":0,"menu_order":0,"comment_status":"closed","ping_status":"closed","template":"tpl-default-elementor.php","meta":{"_monsterinsights_skip_tracking":false,"_monsterinsights_sitenote_active":false,"_monsterinsights_sitenote_note":"","_monsterinsights_sitenote_category":0,"footnotes":""},"class_list":["post-2223","page","type-page","status-publish","hentry"],"aioseo_notices":[],"_links":{"self":[{"href":"https:\/\/www.ballerinianimation.com\/index.php\/wp-json\/wp\/v2\/pages\/2223","targetHints":{"allow":["GET"]}}],"collection":[{"href":"https:\/\/www.ballerinianimation.com\/index.php\/wp-json\/wp\/v2\/pages"}],"about":[{"href":"https:\/\/www.ballerinianimation.com\/index.php\/wp-json\/wp\/v2\/types\/page"}],"author":[{"embeddable":true,"href":"https:\/\/www.ballerinianimation.com\/index.php\/wp-json\/wp\/v2\/users\/1"}],"replies":[{"embeddable":true,"href":"https:\/\/www.ballerinianimation.com\/index.php\/wp-json\/wp\/v2\/comments?post=2223"}],"version-history":[{"count":10,"href":"https:\/\/www.ballerinianimation.com\/index.php\/wp-json\/wp\/v2\/pages\/2223\/revisions"}],"predecessor-version":[{"id":2234,"href":"https:\/\/www.ballerinianimation.com\/index.php\/wp-json\/wp\/v2\/pages\/2223\/revisions\/2234"}],"wp:attachment":[{"href":"https:\/\/www.ballerinianimation.com\/index.php\/wp-json\/wp\/v2\/media?parent=2223"}],"curies":[{"name":"wp","href":"https:\/\/api.w.org\/{rel}","templated":true}]}}