{"id":22,"date":"2023-07-17T05:22:08","date_gmt":"2023-07-17T05:22:08","guid":{"rendered":"https:\/\/themexriver.com\/wp\/buildexo\/?page_id=22"},"modified":"2026-03-07T12:58:50","modified_gmt":"2026-03-07T09:58:50","slug":"hakkimizda","status":"publish","type":"page","link":"https:\/\/www.ballerinianimation.com\/index.php\/hakkimizda\/","title":{"rendered":"Hakk\u0131m\u0131zda"},"content":{"rendered":"\t\t<div data-elementor-type=\"wp-page\" data-elementor-id=\"22\" class=\"elementor elementor-22\">\n\t\t\t\t\t\t<section class=\"elementor-section elementor-top-section elementor-element elementor-element-ed08a71 elementor-section-full_width elementor-section-height-default elementor-section-height-default\" data-id=\"ed08a71\" data-element_type=\"section\">\n\t\t\t\t\t\t<div class=\"elementor-container elementor-column-gap-default\">\n\t\t\t\t\t<div class=\"elementor-column elementor-col-100 elementor-top-column elementor-element elementor-element-f9c56ed\" data-id=\"f9c56ed\" data-element_type=\"column\">\n\t\t\t<div class=\"elementor-widget-wrap elementor-element-populated\">\n\t\t\t\t\t\t<section class=\"elementor-section elementor-inner-section elementor-element elementor-element-453d1c9 elementor-section-boxed elementor-section-height-default elementor-section-height-default\" data-id=\"453d1c9\" data-element_type=\"section\">\n\t\t\t\t\t\t<div class=\"elementor-container elementor-column-gap-default\">\n\t\t\t\t\t<div class=\"elementor-column elementor-col-50 elementor-inner-column elementor-element elementor-element-e0c3081\" data-id=\"e0c3081\" data-element_type=\"column\">\n\t\t\t<div class=\"elementor-widget-wrap elementor-element-populated\">\n\t\t\t\t\t\t<div class=\"elementor-element elementor-element-d065317 elementor-widget elementor-widget-turner_hero_title\" data-id=\"d065317\" data-element_type=\"widget\" data-widget_type=\"turner_hero_title.default\">\n\t\t\t\t<div class=\"elementor-widget-container\">\n\t\t\t\t\t    \t\t\t\r\n        <div class=\"section-heading section-heading--white turner-sec-title\">\r\n                        <div class=\"sec-title__tagline heading-subtitle wow fadeInRight mb-15\">\r\n                <img decoding=\"async\" src=\"https:\/\/www.ballerinianimation.com\/wp-content\/uploads\/2023\/07\/sc_icon.png\" alt=\"Awesome Image\">fFirmam\u0131z Hakk\u0131nda            <\/div>\r\n            \t\t\t            <h3 class=\"sec-title__title heading-title tx-split-text split-in-right mb-25\">E\u011flencenin ritmini biz belirleriz !<\/h3>\r\n                         \r\n            <p class=\"sec-title__text\"><p><span style=\"color: #000000\">Ballerini Entertainment, e\u011flence ve sahne sanatlar\u0131n\u0131 profesyonel organizasyon anlay\u0131\u015f\u0131yla bulu\u015fturan yarat\u0131c\u0131 bir etkinlik firmas\u0131d\u0131r. Deneyimli ekibimiz; dans g\u00f6sterileri, sahne performanslar\u0131 ve \u00f6zel konsept etkinliklerle her organizasyonu benzersiz bir deneyime d\u00f6n\u00fc\u015ft\u00fcrmeyi hedefler.<\/span><\/p><p><span style=\"color: #000000\">Kurumsal etkinliklerden \u00f6zel davetlere kadar her projede estetik, enerji ve kaliteyi \u00f6n planda tutarak misafirlerinize unutulmaz anlar ya\u015fat\u0131yoruz. Ballerini Entertainment olarak amac\u0131m\u0131z; sanat\u0131, e\u011flenceyi ve profesyonelli\u011fi bir araya getirerek etkinliklerinize de\u011fer katmakt\u0131r.<\/span><\/p><\/p>\r\n                    <\/div>\r\n\t\t\r\n\t\t\t\t\t\t<\/div>\n\t\t\t\t<\/div>\n\t\t\t\t<div class=\"elementor-element elementor-element-430be8b elementor-widget elementor-widget-turner_accordian\" data-id=\"430be8b\" data-element_type=\"widget\" data-widget_type=\"turner_accordian.default\">\n\t\t\t\t<div class=\"elementor-widget-container\">\n\t\t\t\t\t    \t\r\n        \t\t\r\n        <div class=\"about__tab-wrap turner-accordion-item\">\r\n            <ul class=\"about__tab nav nav-tabs\" id=\"myTab\" role=\"tablist\">\r\n                                <li class=\"nav-item\" role=\"presentation\">\r\n                <button class=\"nav-link active\" id=\"home-tab1\" data-bs-toggle=\"tab\" data-bs-target=\"#home1\" type=\"button\" role=\"tab\" aria-controls=\"home1\" aria-selected=\"true\"><span>Misyonumuz<\/span><\/button>\r\n                <\/li>\r\n                                <li class=\"nav-item\" role=\"presentation\">\r\n                <button class=\"nav-link \" id=\"home-tab2\" data-bs-toggle=\"tab\" data-bs-target=\"#home2\" type=\"button\" role=\"tab\" aria-controls=\"home2\" aria-selected=\"true\"><span>Vizyonumuz<\/span><\/button>\r\n                <\/li>\r\n                                <li class=\"nav-item\" role=\"presentation\">\r\n                <button class=\"nav-link \" id=\"home-tab3\" data-bs-toggle=\"tab\" data-bs-target=\"#home3\" type=\"button\" role=\"tab\" aria-controls=\"home3\" aria-selected=\"true\"><span>De\u011ferlerimiz<\/span><\/button>\r\n                <\/li>\r\n                                \r\n            <\/ul>\r\n            <div class=\"tab-content\" id=\"myTabContent\">\r\n                                <div class=\"tab-pane animated fadeInUp show active\" id=\"home1\" role=\"tabpanel\" aria-labelledby=\"home-tab1\">\r\n                    <div class=\"about__tab-content turner-content\">\r\n\t\t\t\t\t\t<p>Her etkinli\u011fi \u00f6zg\u00fcn bir deneyime d\u00f6n\u00fc\u015ft\u00fcrmek i\u00e7in yarat\u0131c\u0131 konseptler, profesyonel performanslar ve kusursuz organizasyon hizmeti sunmak. M\u00fc\u015fterilerimizin beklentilerini a\u015fan, iz b\u0131rakan ve y\u00fcksek kaliteli e\u011flence \u00e7\u00f6z\u00fcmleri \u00fcretmek.<\/p>                    <\/div>\r\n                <\/div>\r\n                                <div class=\"tab-pane animated fadeInUp \" id=\"home2\" role=\"tabpanel\" aria-labelledby=\"home-tab2\">\r\n                    <div class=\"about__tab-content turner-content\">\r\n\t\t\t\t\t\t<p>E\u011flence ve sahne sanatlar\u0131 sekt\u00f6r\u00fcnde yenilik\u00e7i fikirleri, estetik anlay\u0131\u015f\u0131 ve profesyonel organizasyon g\u00fcc\u00fcn\u00fc bir araya getirerek ulusal ve uluslararas\u0131 alanda tan\u0131nan, g\u00fcvenilir ve ilham veren bir marka olmak.<\/p>                    <\/div>\r\n                <\/div>\r\n                                <div class=\"tab-pane animated fadeInUp \" id=\"home3\" role=\"tabpanel\" aria-labelledby=\"home-tab3\">\r\n                    <div class=\"about__tab-content turner-content\">\r\n\t\t\t\t\t\t<ul><li data-section-id=\"1o7c5qd\" data-start=\"500\" data-end=\"580\"><p data-start=\"502\" data-end=\"580\"><strong data-start=\"502\" data-end=\"518\">Yarat\u0131c\u0131l\u0131k:<\/strong> Her etkinli\u011fe \u00f6zg\u00fcn fikirler ve sanatsal dokunu\u015flar katmak.<\/p><\/li><li data-section-id=\"14gmaak\" data-start=\"581\" data-end=\"662\"><p data-start=\"583\" data-end=\"662\"><strong data-start=\"583\" data-end=\"602\">Profesyonellik:<\/strong> Her a\u015famada disiplinli, planl\u0131 ve kaliteli hizmet sunmak.<\/p><\/li><li data-section-id=\"1d0m5nw\" data-start=\"663\" data-end=\"755\"><p data-start=\"665\" data-end=\"755\"><strong data-start=\"665\" data-end=\"675\">G\u00fcven:<\/strong> \u0130\u015f ortaklar\u0131m\u0131z ve m\u00fc\u015fterilerimizle g\u00fc\u00e7l\u00fc ve s\u00fcrd\u00fcr\u00fclebilir ili\u015fkiler kurmak.<\/p><\/li><li data-section-id=\"1kzr20i\" data-start=\"756\" data-end=\"847\"><p data-start=\"758\" data-end=\"847\"><strong data-start=\"758\" data-end=\"780\">Estetik ve Kalite:<\/strong> Sahne sanatlar\u0131nda g\u00f6rsel ve sanatsal kaliteyi \u00f6n planda tutmak.<\/p><\/li><li data-section-id=\"1wukgz6\" data-start=\"848\" data-end=\"954\" data-is-last-node=\"\"><p data-start=\"850\" data-end=\"954\" data-is-last-node=\"\"><strong data-start=\"850\" data-end=\"860\">Tutku:<\/strong> E\u011flence ve performans sanatlar\u0131na duydu\u011fumuz tutkuyla fark yaratan deneyimler olu\u015fturmak.<\/p><\/li><\/ul>                    <\/div>\r\n                <\/div>\r\n                                                  \r\n            <\/div>\r\n        <\/div>\r\n        \r\n\t\t    \t\t\t\t<\/div>\n\t\t\t\t<\/div>\n\t\t\t\t<div class=\"elementor-element elementor-element-0daef94 elementor-widget__width-initial elementor-widget elementor-widget-turner_button\" data-id=\"0daef94\" data-element_type=\"widget\" data-settings=\"{&quot;btn_padding&quot;:{&quot;unit&quot;:&quot;px&quot;,&quot;top&quot;:&quot;&quot;,&quot;right&quot;:&quot;&quot;,&quot;bottom&quot;:&quot;&quot;,&quot;left&quot;:&quot;&quot;,&quot;isLinked&quot;:true},&quot;btn_padding_tablet&quot;:{&quot;unit&quot;:&quot;px&quot;,&quot;top&quot;:&quot;&quot;,&quot;right&quot;:&quot;&quot;,&quot;bottom&quot;:&quot;&quot;,&quot;left&quot;:&quot;&quot;,&quot;isLinked&quot;:true},&quot;btn_padding_mobile&quot;:{&quot;unit&quot;:&quot;px&quot;,&quot;top&quot;:&quot;&quot;,&quot;right&quot;:&quot;&quot;,&quot;bottom&quot;:&quot;&quot;,&quot;left&quot;:&quot;&quot;,&quot;isLinked&quot;:true}}\" data-widget_type=\"turner_button.default\">\n\t\t\t\t<div class=\"elementor-widget-container\">\n\t\t\t\t\t\t\r\n    \t\r\n                \r\n\t\t\t            <div class=\"yt-btn\">\r\n                                <a class=\"turner-thm-btn thm-btn\" href=\"#\" target=\"_blank\" rel=\"nofollow\">\u0130leti\u015fim<\/a>            \r\n            <\/div>\r\n                    \r\n        \t\t\t\t<\/div>\n\t\t\t\t<\/div>\n\t\t\t\t<div class=\"elementor-element elementor-element-0af2ff5 elementor-widget__width-initial elementor-widget elementor-widget-turner_icon_box\" data-id=\"0af2ff5\" data-element_type=\"widget\" data-widget_type=\"turner_icon_box.default\">\n\t\t\t\t<div class=\"elementor-widget-container\">\n\t\t\t\t\t    \t\r\n\t\t\t\t\r\n        <div class=\"turner-icon-info\">\r\n            <div class=\"about__cta ul_li\">\r\n                <i class=\"fas fa-phone\"><\/i>                <div class=\"content\">\r\n                    <span class=\"turner-icon-title\">Bizi Aray\u0131n<\/span>\r\n                    <h3 class=\"turner-counter\">+90 242 243 44 62<\/h3>\r\n                <\/div>\r\n            <\/div>\r\n        <\/div>\r\n        \r\n\t\t\t\t\t\t<\/div>\n\t\t\t\t<\/div>\n\t\t\t\t\t<\/div>\n\t\t<\/div>\n\t\t\t\t<div class=\"elementor-column elementor-col-50 elementor-inner-column elementor-element elementor-element-c62a223\" data-id=\"c62a223\" data-element_type=\"column\">\n\t\t\t<div class=\"elementor-widget-wrap elementor-element-populated\">\n\t\t\t\t\t\t<div class=\"elementor-element elementor-element-8fe50a9 elementor-widget elementor-widget-turner_float_image\" data-id=\"8fe50a9\" data-element_type=\"widget\" data-widget_type=\"turner_float_image.default\">\n\t\t\t\t<div class=\"elementor-widget-container\">\n\t\t\t\t\t    \r\n    \r\n\r\n    \t\r\n    <div class=\"about__banner-img\">\r\n                <img decoding=\"async\" src=\"https:\/\/www.ballerinianimation.com\/wp-content\/uploads\/2026\/03\/25years2.png\" alt=\"Awesome Image\">\r\n                <div class=\"about__experience ul_li\">\r\n            <h2>25.<\/h2>\r\n            <div class=\"content\">\r\n                <span>Works of<\/span>\r\n                <h3>experience<\/h3>\r\n            <\/div>\r\n        <\/div>\r\n    <\/div>\r\n    \r\n\t\t\t\t\t<\/div>\n\t\t\t\t<\/div>\n\t\t\t\t\t<\/div>\n\t\t<\/div>\n\t\t\t\t\t<\/div>\n\t\t<\/section>\n\t\t\t\t\t<\/div>\n\t\t<\/div>\n\t\t\t\t\t<\/div>\n\t\t<\/section>\n\t\t\t\t<section class=\"elementor-section elementor-top-section elementor-element elementor-element-2bd02c0 elementor-section-full_width elementor-section-height-default elementor-section-height-default\" data-id=\"2bd02c0\" data-element_type=\"section\" data-settings=\"{&quot;background_background&quot;:&quot;classic&quot;}\">\n\t\t\t\t\t\t\t<div class=\"elementor-background-overlay\"><\/div>\n\t\t\t\t\t\t\t<div class=\"elementor-container elementor-column-gap-default\">\n\t\t\t\t\t<div class=\"elementor-column elementor-col-100 elementor-top-column elementor-element elementor-element-40d4001\" data-id=\"40d4001\" data-element_type=\"column\">\n\t\t\t<div class=\"elementor-widget-wrap elementor-element-populated\">\n\t\t\t\t\t\t<section class=\"elementor-section elementor-inner-section elementor-element elementor-element-d715f57 elementor-section-boxed elementor-section-height-default elementor-section-height-default\" data-id=\"d715f57\" data-element_type=\"section\">\n\t\t\t\t\t\t<div class=\"elementor-container elementor-column-gap-default\">\n\t\t\t\t\t<div class=\"elementor-column elementor-col-50 elementor-inner-column elementor-element elementor-element-ab668e7\" data-id=\"ab668e7\" data-element_type=\"column\">\n\t\t\t<div class=\"elementor-widget-wrap elementor-element-populated\">\n\t\t\t\t\t\t<div class=\"elementor-element elementor-element-4c84cc6 elementor-widget elementor-widget-turner_float_image\" data-id=\"4c84cc6\" data-element_type=\"widget\" data-widget_type=\"turner_float_image.default\">\n\t\t\t\t<div class=\"elementor-widget-container\">\n\t\t\t\t\t    \r\n    \r\n\r\n        \r\n    <div class=\"feature__img\">\r\n                <div class=\"image image--1\">\r\n            <img decoding=\"async\" src=\"https:\/\/www.ballerinianimation.com\/wp-content\/uploads\/2026\/03\/d1.png\" alt=\"Awesome Image\">\r\n        <\/div>\r\n                        <div class=\"image image--2\">\r\n            <img decoding=\"async\" src=\"https:\/\/www.ballerinianimation.com\/wp-content\/uploads\/2026\/03\/d4.png\" alt=\"Awesome Image\">\r\n        <\/div>\r\n                        <div class=\"image image--3\">\r\n            <img decoding=\"async\" src=\"https:\/\/www.ballerinianimation.com\/wp-content\/uploads\/2026\/03\/d5.png\" alt=\"Awesome Image\">\r\n        <\/div>\r\n            <\/div>\r\n        \r\n    \t\t\t\t<\/div>\n\t\t\t\t<\/div>\n\t\t\t\t\t<\/div>\n\t\t<\/div>\n\t\t\t\t<div class=\"elementor-column elementor-col-50 elementor-inner-column elementor-element elementor-element-5608ef6\" data-id=\"5608ef6\" data-element_type=\"column\">\n\t\t\t<div class=\"elementor-widget-wrap elementor-element-populated\">\n\t\t\t\t\t\t<div class=\"elementor-element elementor-element-04cb703 elementor-widget elementor-widget-heading\" data-id=\"04cb703\" data-element_type=\"widget\" data-widget_type=\"heading.default\">\n\t\t\t\t\t<h2 class=\"elementor-heading-title elementor-size-default\">Neler Yap\u0131yoruz ?<\/h2>\t\t\t\t<\/div>\n\t\t\t\t<div class=\"elementor-element elementor-element-c2bc572 elementor-widget elementor-widget-turner_hero_title\" data-id=\"c2bc572\" data-element_type=\"widget\" data-widget_type=\"turner_hero_title.default\">\n\t\t\t\t<div class=\"elementor-widget-container\">\n\t\t\t\t\t    \t    \t\r\n        <div class=\"section-heading turner-sec-title\">\r\n                                                 \r\n            <p class=\"sec-title__text\">Ballerini Entertainment olarak etkinliklerinize renk, enerji ve profesyonellik kat\u0131yoruz. Sahne sanatlar\u0131 ve e\u011flence odakl\u0131 organizasyonlar\u0131m\u0131zla her projeyi unutulmaz bir deneyime d\u00f6n\u00fc\u015ft\u00fcrmeyi hedefliyoruz.<\/p>\r\n                       \r\n        <\/div>       \r\n    \r\n    \t\t\t\t<\/div>\n\t\t\t\t<\/div>\n\t\t\t\t<div class=\"elementor-element elementor-element-e97cb45 elementor-widget elementor-widget-turner_feature_list\" data-id=\"e97cb45\" data-element_type=\"widget\" data-widget_type=\"turner_feature_list.default\">\n\t\t\t\t<div class=\"elementor-widget-container\">\n\t\t\t\t\t\t\r\n    \t        \r\n        <ul class=\"feature__list turner-flist-title\">\r\n            <li><img decoding=\"async\" src=\"https:\/\/www.ballerinianimation.com\/wp-content\/uploads\/2023\/07\/f_icon.svg\" alt=\"Awesome Image\"> Sahne Showlar\u0131<\/li>\r\n        <\/ul>\r\n\r\n                \r\n\t\t\t\t\t\t<\/div>\n\t\t\t\t<\/div>\n\t\t\t\t<div class=\"elementor-element elementor-element-0edf584 elementor-widget elementor-widget-turner_feature_list\" data-id=\"0edf584\" data-element_type=\"widget\" data-widget_type=\"turner_feature_list.default\">\n\t\t\t\t<div class=\"elementor-widget-container\">\n\t\t\t\t\t\t\r\n    \t        \r\n        <ul class=\"feature__list turner-flist-title\">\r\n            <li><img decoding=\"async\" src=\"https:\/\/www.ballerinianimation.com\/wp-content\/uploads\/2023\/07\/f_icon.svg\" alt=\"Awesome Image\"> Etkinlik Organizasyonlar\u0131<\/li>\r\n        <\/ul>\r\n\r\n                \r\n\t\t\t\t\t\t<\/div>\n\t\t\t\t<\/div>\n\t\t\t\t<div class=\"elementor-element elementor-element-19f55bf elementor-widget elementor-widget-turner_feature_list\" data-id=\"19f55bf\" data-element_type=\"widget\" data-widget_type=\"turner_feature_list.default\">\n\t\t\t\t<div class=\"elementor-widget-container\">\n\t\t\t\t\t\t\r\n    \t        \r\n        <ul class=\"feature__list turner-flist-title\">\r\n            <li><img decoding=\"async\" src=\"https:\/\/www.ballerinianimation.com\/wp-content\/uploads\/2023\/07\/f_icon.svg\" alt=\"Awesome Image\"> Sanat\u00e7\u0131 ve Konser Etkinlikleri<\/li>\r\n        <\/ul>\r\n\r\n                \r\n\t\t\t\t\t\t<\/div>\n\t\t\t\t<\/div>\n\t\t\t\t<div class=\"elementor-element elementor-element-6d6000f elementor-widget elementor-widget-turner_feature_list\" data-id=\"6d6000f\" data-element_type=\"widget\" data-widget_type=\"turner_feature_list.default\">\n\t\t\t\t<div class=\"elementor-widget-container\">\n\t\t\t\t\t\t\r\n    \t        \r\n        <ul class=\"feature__list turner-flist-title\">\r\n            <li><img decoding=\"async\" src=\"https:\/\/www.ballerinianimation.com\/wp-content\/uploads\/2023\/07\/f_icon.svg\" alt=\"Awesome Image\"> \u00d6zel E\u011flence Programlar\u0131<\/li>\r\n        <\/ul>\r\n\r\n                \r\n\t\t\t\t\t\t<\/div>\n\t\t\t\t<\/div>\n\t\t\t\t<div class=\"elementor-element elementor-element-98d37bd elementor-widget elementor-widget-heading\" data-id=\"98d37bd\" data-element_type=\"widget\" data-widget_type=\"heading.default\">\n\t\t\t\t\t<h2 class=\"elementor-heading-title elementor-size-default\">Burada Neler Yapabilirsiniz ?<\/h2>\t\t\t\t<\/div>\n\t\t\t\t<div class=\"elementor-element elementor-element-fa0e188 elementor-widget elementor-widget-turner_hero_title\" data-id=\"fa0e188\" data-element_type=\"widget\" data-widget_type=\"turner_hero_title.default\">\n\t\t\t\t<div class=\"elementor-widget-container\">\n\t\t\t\t\t    \t    \t\r\n        <div class=\"section-heading turner-sec-title\">\r\n                                                 \r\n            <p class=\"sec-title__text\">Burada Ballerini Entertainment\u2019\u0131n sundu\u011fu hizmetleri ke\u015ffedebilir, organizasyon ve sahne \u015fovlar\u0131 hakk\u0131nda bilgi alabilirsiniz. Etkinlikleriniz i\u00e7in ilham veren konseptleri inceleyebilir, profesyonel dans g\u00f6sterileri ve e\u011flence programlar\u0131 hakk\u0131nda detaylara ula\u015fabilir, bizimle ileti\u015fime ge\u00e7erek organizasyonunuzu birlikte planlayabilirsiniz.<\/p>\r\n                       \r\n        <\/div>       \r\n    \r\n    \t\t\t\t<\/div>\n\t\t\t\t<\/div>\n\t\t\t\t<div class=\"elementor-element elementor-element-fc7ec81 elementor-widget elementor-widget-turner_feature_list\" data-id=\"fc7ec81\" data-element_type=\"widget\" data-widget_type=\"turner_feature_list.default\">\n\t\t\t\t<div class=\"elementor-widget-container\">\n\t\t\t\t\t\t\r\n    \t        \r\n        <ul class=\"feature__list turner-flist-title\">\r\n            <li><img decoding=\"async\" src=\"https:\/\/www.ballerinianimation.com\/wp-content\/uploads\/2023\/07\/f_icon.svg\" alt=\"Awesome Image\"> S\u00fcrekli enerjik bir ekiple \u00e7al\u0131\u015f\u0131rs\u0131n\u0131z.<\/li>\r\n        <\/ul>\r\n\r\n                \r\n\t\t\t\t\t\t<\/div>\n\t\t\t\t<\/div>\n\t\t\t\t<div class=\"elementor-element elementor-element-cd5da35 elementor-widget elementor-widget-turner_feature_list\" data-id=\"cd5da35\" data-element_type=\"widget\" data-widget_type=\"turner_feature_list.default\">\n\t\t\t\t<div class=\"elementor-widget-container\">\n\t\t\t\t\t\t\r\n    \t        \r\n        <ul class=\"feature__list turner-flist-title\">\r\n            <li><img decoding=\"async\" src=\"https:\/\/www.ballerinianimation.com\/wp-content\/uploads\/2023\/07\/f_icon.svg\" alt=\"Awesome Image\"> Profesyonel ki\u015filerle i\u015f birli\u011fi yapars\u0131n\u0131z.<\/li>\r\n        <\/ul>\r\n\r\n                \r\n\t\t\t\t\t\t<\/div>\n\t\t\t\t<\/div>\n\t\t\t\t<div class=\"elementor-element elementor-element-3f71941 elementor-widget elementor-widget-turner_feature_list\" data-id=\"3f71941\" data-element_type=\"widget\" data-widget_type=\"turner_feature_list.default\">\n\t\t\t\t<div class=\"elementor-widget-container\">\n\t\t\t\t\t\t\r\n    \t        \r\n        <ul class=\"feature__list turner-flist-title\">\r\n            <li><img decoding=\"async\" src=\"https:\/\/www.ballerinianimation.com\/wp-content\/uploads\/2023\/07\/f_icon.svg\" alt=\"Awesome Image\"> Yarat\u0131c\u0131 fikirlerle tan\u0131\u015f\u0131rs\u0131n\u0131z.<\/li>\r\n        <\/ul>\r\n\r\n                \r\n\t\t\t\t\t\t<\/div>\n\t\t\t\t<\/div>\n\t\t\t\t<div class=\"elementor-element elementor-element-c8edec7 elementor-widget elementor-widget-turner_feature_list\" data-id=\"c8edec7\" data-element_type=\"widget\" data-widget_type=\"turner_feature_list.default\">\n\t\t\t\t<div class=\"elementor-widget-container\">\n\t\t\t\t\t\t\r\n    \t        \r\n        <ul class=\"feature__list turner-flist-title\">\r\n            <li><img decoding=\"async\" src=\"https:\/\/www.ballerinianimation.com\/wp-content\/uploads\/2023\/07\/f_icon.svg\" alt=\"Awesome Image\"> Detaylara \u00f6nem veren bir ekip g\u00f6r\u00fcrs\u00fcn\u00fcz.<\/li>\r\n        <\/ul>\r\n\r\n                \r\n\t\t\t\t\t\t<\/div>\n\t\t\t\t<\/div>\n\t\t\t\t<div class=\"elementor-element elementor-element-b74bde8 elementor-widget elementor-widget-turner_button\" data-id=\"b74bde8\" data-element_type=\"widget\" data-settings=\"{&quot;btn_padding&quot;:{&quot;unit&quot;:&quot;px&quot;,&quot;top&quot;:&quot;&quot;,&quot;right&quot;:&quot;&quot;,&quot;bottom&quot;:&quot;&quot;,&quot;left&quot;:&quot;&quot;,&quot;isLinked&quot;:true},&quot;btn_padding_tablet&quot;:{&quot;unit&quot;:&quot;px&quot;,&quot;top&quot;:&quot;&quot;,&quot;right&quot;:&quot;&quot;,&quot;bottom&quot;:&quot;&quot;,&quot;left&quot;:&quot;&quot;,&quot;isLinked&quot;:true},&quot;btn_padding_mobile&quot;:{&quot;unit&quot;:&quot;px&quot;,&quot;top&quot;:&quot;&quot;,&quot;right&quot;:&quot;&quot;,&quot;bottom&quot;:&quot;&quot;,&quot;left&quot;:&quot;&quot;,&quot;isLinked&quot;:true}}\" data-widget_type=\"turner_button.default\">\n\t\t\t\t<div class=\"elementor-widget-container\">\n\t\t\t\t\t\t\r\n    \t\r\n                \r\n\t\t\t            <div class=\"yt-btn\">\r\n                                <a class=\"turner-thm-btn thm-btn\" href=\"#\" target=\"_blank\" rel=\"nofollow\">\u015e\u0130MD\u0130 \u0130LET\u0130\u015e\u0130ME GE\u00c7 &gt;&gt;<\/a>            \r\n            <\/div>\r\n                    \r\n        \t\t\t\t<\/div>\n\t\t\t\t<\/div>\n\t\t\t\t\t<\/div>\n\t\t<\/div>\n\t\t\t\t\t<\/div>\n\t\t<\/section>\n\t\t\t\t\t<\/div>\n\t\t<\/div>\n\t\t\t\t\t<\/div>\n\t\t<\/section>\n\t\t\t\t<\/div>\n\t\t","protected":false},"excerpt":{"rendered":"<p>fFirmam\u0131z Hakk\u0131nda E\u011flencenin ritmini biz belirleriz ! Ballerini Entertainment, e\u011flence ve sahne sanatlar\u0131n\u0131 profesyonel organizasyon anlay\u0131\u015f\u0131yla bulu\u015fturan yarat\u0131c\u0131 bir etkinlik firmas\u0131d\u0131r. Deneyimli ekibimiz; dans g\u00f6sterileri, sahne performanslar\u0131 ve \u00f6zel konsept etkinliklerle her organizasyonu benzersiz bir deneyime d\u00f6n\u00fc\u015ft\u00fcrmeyi hedefler. Kurumsal etkinliklerden \u00f6zel davetlere kadar her projede estetik, enerji ve kaliteyi \u00f6n planda tutarak misafirlerinize unutulmaz anlar [&hellip;]<\/p>\n","protected":false},"author":1,"featured_media":0,"parent":0,"menu_order":0,"comment_status":"closed","ping_status":"closed","template":"tpl-default-elementor.php","meta":{"_monsterinsights_skip_tracking":false,"_monsterinsights_sitenote_active":false,"_monsterinsights_sitenote_note":"","_monsterinsights_sitenote_category":0,"footnotes":""},"class_list":["post-22","page","type-page","status-publish","hentry"],"aioseo_notices":[],"_links":{"self":[{"href":"https:\/\/www.ballerinianimation.com\/index.php\/wp-json\/wp\/v2\/pages\/22","targetHints":{"allow":["GET"]}}],"collection":[{"href":"https:\/\/www.ballerinianimation.com\/index.php\/wp-json\/wp\/v2\/pages"}],"about":[{"href":"https:\/\/www.ballerinianimation.com\/index.php\/wp-json\/wp\/v2\/types\/page"}],"author":[{"embeddable":true,"href":"https:\/\/www.ballerinianimation.com\/index.php\/wp-json\/wp\/v2\/users\/1"}],"replies":[{"embeddable":true,"href":"https:\/\/www.ballerinianimation.com\/index.php\/wp-json\/wp\/v2\/comments?post=22"}],"version-history":[{"count":9,"href":"https:\/\/www.ballerinianimation.com\/index.php\/wp-json\/wp\/v2\/pages\/22\/revisions"}],"predecessor-version":[{"id":2216,"href":"https:\/\/www.ballerinianimation.com\/index.php\/wp-json\/wp\/v2\/pages\/22\/revisions\/2216"}],"wp:attachment":[{"href":"https:\/\/www.ballerinianimation.com\/index.php\/wp-json\/wp\/v2\/media?parent=22"}],"curies":[{"name":"wp","href":"https:\/\/api.w.org\/{rel}","templated":true}]}}